
{"id":5,"date":"2012-01-10T19:37:16","date_gmt":"2012-01-10T19:37:16","guid":{"rendered":"http:\/\/www.knihovna.info\/xxxx\/?page_id=5"},"modified":"2012-02-20T14:52:11","modified_gmt":"2012-02-20T14:52:11","slug":"kontakt","status":"publish","type":"page","link":"https:\/\/vresova.knihovna.info\/?page_id=5","title":{"rendered":"Kontakt"},"content":{"rendered":"<p><strong>Adresa<\/strong><br \/>\nKnihovnice<br \/>\nKnihovnice 185<br \/>\nPS\u00c8: 76302<br \/>\n<strong>Tel:<\/strong><\/p>\n<p><strong>Email:<br \/>\n<a href=\"mailto:knihovna@obecknihovnice.cz\" target=\"_blank\">email@email.cz<\/a><\/strong><\/p>\n<p>&nbsp;<\/p>\n<p>&nbsp;<\/p>\n<hr \/>\n<p>M\u00f9\u017eete n\u00e1m tak\u00e9 napsat za pomoc\u00ed n\u00ed\u017ee uveden\u00e9ho formul\u00e1\u00f8e.<\/p>\n<p>[contact-form-7 id=&#8220;4&#8243; title=&#8220;Contact form 1&#8243;]<\/p>\n","protected":false},"excerpt":{"rendered":"<p>Adresa Knihovnice Knihovnice 185 PS\u00c8: 76302 Tel: Email: email@email.cz &nbsp; &nbsp; M\u00f9\u017eete n\u00e1m tak\u00e9 napsat za pomoc\u00ed n\u00ed\u017ee uveden\u00e9ho formul\u00e1\u00f8e. [contact-form-7 id=&#8220;4&#8243; title=&#8220;Contact form 1&#8243;]<\/p>\n","protected":false},"author":1,"featured_media":0,"parent":0,"menu_order":0,"comment_status":"closed","ping_status":"closed","template":"","meta":{"footnotes":""},"class_list":["post-5","page","type-page","status-publish","hentry"],"_links":{"self":[{"href":"https:\/\/vresova.knihovna.info\/index.php?rest_route=\/wp\/v2\/pages\/5","targetHints":{"allow":["GET"]}}],"collection":[{"href":"https:\/\/vresova.knihovna.info\/index.php?rest_route=\/wp\/v2\/pages"}],"about":[{"href":"https:\/\/vresova.knihovna.info\/index.php?rest_route=\/wp\/v2\/types\/page"}],"author":[{"embeddable":true,"href":"https:\/\/vresova.knihovna.info\/index.php?rest_route=\/wp\/v2\/users\/1"}],"replies":[{"embeddable":true,"href":"https:\/\/vresova.knihovna.info\/index.php?rest_route=%2Fwp%2Fv2%2Fcomments&post=5"}],"version-history":[{"count":7,"href":"https:\/\/vresova.knihovna.info\/index.php?rest_route=\/wp\/v2\/pages\/5\/revisions"}],"predecessor-version":[{"id":71,"href":"https:\/\/vresova.knihovna.info\/index.php?rest_route=\/wp\/v2\/pages\/5\/revisions\/71"}],"wp:attachment":[{"href":"https:\/\/vresova.knihovna.info\/index.php?rest_route=%2Fwp%2Fv2%2Fmedia&parent=5"}],"curies":[{"name":"wp","href":"https:\/\/api.w.org\/{rel}","templated":true}]}}