
{"id":20,"date":"2012-01-10T19:53:39","date_gmt":"2012-01-10T19:53:39","guid":{"rendered":"http:\/\/vresova.knihovna.info\/?page_id=20"},"modified":"2012-01-10T19:54:20","modified_gmt":"2012-01-10T19:54:20","slug":"o-nas","status":"publish","type":"page","link":"https:\/\/vresova.knihovna.info\/?page_id=20","title":{"rendered":"O n\u00e1s"},"content":{"rendered":"<p>Zde se nach\u00e1z\u00ed str\u00e1nka uk\u00e1zkov\u00e1 O n\u00e1s, kter\u00e1 stru\u00e8n\u00fdm zp\u00f9sobem popisuje knihovnu jako takovou.<\/p>\n","protected":false},"excerpt":{"rendered":"<p>Zde se nach\u00e1z\u00ed str\u00e1nka uk\u00e1zkov\u00e1 O n\u00e1s, kter\u00e1 stru\u00e8n\u00fdm zp\u00f9sobem popisuje knihovnu jako takovou.<\/p>\n","protected":false},"author":1,"featured_media":0,"parent":0,"menu_order":0,"comment_status":"closed","ping_status":"closed","template":"","meta":{"footnotes":""},"class_list":["post-20","page","type-page","status-publish","hentry"],"_links":{"self":[{"href":"https:\/\/vresova.knihovna.info\/index.php?rest_route=\/wp\/v2\/pages\/20","targetHints":{"allow":["GET"]}}],"collection":[{"href":"https:\/\/vresova.knihovna.info\/index.php?rest_route=\/wp\/v2\/pages"}],"about":[{"href":"https:\/\/vresova.knihovna.info\/index.php?rest_route=\/wp\/v2\/types\/page"}],"author":[{"embeddable":true,"href":"https:\/\/vresova.knihovna.info\/index.php?rest_route=\/wp\/v2\/users\/1"}],"replies":[{"embeddable":true,"href":"https:\/\/vresova.knihovna.info\/index.php?rest_route=%2Fwp%2Fv2%2Fcomments&post=20"}],"version-history":[{"count":4,"href":"https:\/\/vresova.knihovna.info\/index.php?rest_route=\/wp\/v2\/pages\/20\/revisions"}],"predecessor-version":[{"id":51,"href":"https:\/\/vresova.knihovna.info\/index.php?rest_route=\/wp\/v2\/pages\/20\/revisions\/51"}],"wp:attachment":[{"href":"https:\/\/vresova.knihovna.info\/index.php?rest_route=%2Fwp%2Fv2%2Fmedia&parent=20"}],"curies":[{"name":"wp","href":"https:\/\/api.w.org\/{rel}","templated":true}]}}