
{"id":16,"date":"2012-01-10T19:51:03","date_gmt":"2012-01-10T19:51:03","guid":{"rendered":"http:\/\/vresova.knihovna.info\/?page_id=16"},"modified":"2014-11-04T16:50:49","modified_gmt":"2014-11-04T15:50:49","slug":"knihovni-rad","status":"publish","type":"page","link":"https:\/\/vresova.knihovna.info\/?page_id=16","title":{"rendered":"Knihovn\u00ed \u0159\u00e1d"},"content":{"rendered":"<p>Obsah uk\u00e1zkov\u00e9ho knihovn\u00edho \u0159\u00e1du<\/p>\n<ol>\n<li>Z\u00e1kladn\u00ed ustanoven\u00ed &#8230;<\/li>\n<\/ol>\n<ul>\n<li>Jedna<\/li>\n<li>Dv\u011b<\/li>\n<li>T\u0159i<\/li>\n<\/ul>\n<ol>\n<li>V\u00fdpuj\u010dn\u00ed \u0159\u00e1d &#8230;<\/li>\n<\/ol>\n<ul>\n<li>Jedna<\/li>\n<li>Dv\u011b<\/li>\n<li>T\u0159i<\/li>\n<\/ul>\n","protected":false},"excerpt":{"rendered":"<p>Obsah uk\u00e1zkov\u00e9ho knihovn\u00edho \u0159\u00e1du Z\u00e1kladn\u00ed ustanoven\u00ed &#8230; Jedna Dv\u011b T\u0159i V\u00fdpuj\u010dn\u00ed \u0159\u00e1d &#8230; Jedna Dv\u011b T\u0159i<\/p>\n","protected":false},"author":1,"featured_media":0,"parent":0,"menu_order":0,"comment_status":"closed","ping_status":"closed","template":"","meta":{"footnotes":""},"class_list":["post-16","page","type-page","status-publish","hentry"],"_links":{"self":[{"href":"https:\/\/vresova.knihovna.info\/index.php?rest_route=\/wp\/v2\/pages\/16","targetHints":{"allow":["GET"]}}],"collection":[{"href":"https:\/\/vresova.knihovna.info\/index.php?rest_route=\/wp\/v2\/pages"}],"about":[{"href":"https:\/\/vresova.knihovna.info\/index.php?rest_route=\/wp\/v2\/types\/page"}],"author":[{"embeddable":true,"href":"https:\/\/vresova.knihovna.info\/index.php?rest_route=\/wp\/v2\/users\/1"}],"replies":[{"embeddable":true,"href":"https:\/\/vresova.knihovna.info\/index.php?rest_route=%2Fwp%2Fv2%2Fcomments&post=16"}],"version-history":[{"count":4,"href":"https:\/\/vresova.knihovna.info\/index.php?rest_route=\/wp\/v2\/pages\/16\/revisions"}],"predecessor-version":[{"id":75,"href":"https:\/\/vresova.knihovna.info\/index.php?rest_route=\/wp\/v2\/pages\/16\/revisions\/75"}],"wp:attachment":[{"href":"https:\/\/vresova.knihovna.info\/index.php?rest_route=%2Fwp%2Fv2%2Fmedia&parent=16"}],"curies":[{"name":"wp","href":"https:\/\/api.w.org\/{rel}","templated":true}]}}