
{"id":12,"date":"2012-01-10T19:48:07","date_gmt":"2012-01-10T19:48:07","guid":{"rendered":"http:\/\/vresova.knihovna.info\/?page_id=12"},"modified":"2012-01-10T19:48:27","modified_gmt":"2012-01-10T19:48:27","slug":"cenik","status":"publish","type":"page","link":"https:\/\/vresova.knihovna.info\/?page_id=12","title":{"rendered":"Cen\u00edk"},"content":{"rendered":"<p><strong>Obsah uk\u00e1zkov\u00e9ho cen\u00edku.<\/strong><\/p>\n<p>Registrace u\u017eivatel\u00f9<br \/>\nRegistra\u00e8n\u00ed poplatky<br \/>\nV\u00fdp\u00f9j\u00e8n\u00ed slu\u017eby<br \/>\nAbsen\u00e8n\u00ed p\u00f9j\u00e8ov\u00e1n\u00ed<br \/>\nPrezen\u00e8n\u00ed p\u00f9j\u00e8ov\u00e1n\u00ed a prezen\u00e8n\u00ed slu\u017eby<br \/>\nUpom\u00ednky<br \/>\nRezervace<br \/>\nN\u00e1hrady \u0161kod<br \/>\nMeziknihovn\u00ed slu\u017eby<br \/>\nMeziknihovn\u00ed v\u00fdp\u00f9j\u00e8n\u00ed slu\u017eba v \u00c8R<br \/>\nMezin\u00e1rodn\u00ed meziknihovn\u00ed v\u00fdp\u00f9j\u00e8n\u00ed slu\u017eba v \u00c8R<br \/>\nMeziknihovn\u00ed v\u00fdp\u00f9j\u00e8n\u00ed slu\u017eba pro \u017e\u00e1daj\u00edc\u00ed knihovny<br \/>\nReprografick\u00e9 a jin\u00e9 kop\u00edrovac\u00ed slu\u017eby<br \/>\nKop\u00edrov\u00e1n\u00ed dokument\u00f9<br \/>\nTiskov\u00e9 v\u00fdstupy<br \/>\nInforma\u00e8n\u00ed slu\u017eby<br \/>\nRe\u0161er\u0161n\u00ed slu\u017eby<br \/>\nElektronick\u00e9 slu\u017eby<br \/>\nPou\u017eit\u00ed PC na pracovi\u0161t\u00edch knihovny (internet, Office)<\/p>\n","protected":false},"excerpt":{"rendered":"<p>Obsah uk\u00e1zkov\u00e9ho cen\u00edku. Registrace u\u017eivatel\u00f9 Registra\u00e8n\u00ed poplatky V\u00fdp\u00f9j\u00e8n\u00ed slu\u017eby Absen\u00e8n\u00ed p\u00f9j\u00e8ov\u00e1n\u00ed Prezen\u00e8n\u00ed p\u00f9j\u00e8ov\u00e1n\u00ed a prezen\u00e8n\u00ed slu\u017eby Upom\u00ednky Rezervace N\u00e1hrady \u0161kod Meziknihovn\u00ed slu\u017eby Meziknihovn\u00ed v\u00fdp\u00f9j\u00e8n\u00ed slu\u017eba v \u00c8R Mezin\u00e1rodn\u00ed meziknihovn\u00ed v\u00fdp\u00f9j\u00e8n\u00ed slu\u017eba v \u00c8R Meziknihovn\u00ed v\u00fdp\u00f9j\u00e8n\u00ed slu\u017eba pro \u017e\u00e1daj\u00edc\u00ed knihovny Reprografick\u00e9 &hellip; <a href=\"https:\/\/vresova.knihovna.info\/?page_id=12\">Cel\u00fd p\u0159\u00edsp\u011bvek <span class=\"meta-nav\">&rarr;<\/span><\/a><\/p>\n","protected":false},"author":1,"featured_media":0,"parent":0,"menu_order":0,"comment_status":"closed","ping_status":"closed","template":"","meta":{"footnotes":""},"class_list":["post-12","page","type-page","status-publish","hentry"],"_links":{"self":[{"href":"https:\/\/vresova.knihovna.info\/index.php?rest_route=\/wp\/v2\/pages\/12","targetHints":{"allow":["GET"]}}],"collection":[{"href":"https:\/\/vresova.knihovna.info\/index.php?rest_route=\/wp\/v2\/pages"}],"about":[{"href":"https:\/\/vresova.knihovna.info\/index.php?rest_route=\/wp\/v2\/types\/page"}],"author":[{"embeddable":true,"href":"https:\/\/vresova.knihovna.info\/index.php?rest_route=\/wp\/v2\/users\/1"}],"replies":[{"embeddable":true,"href":"https:\/\/vresova.knihovna.info\/index.php?rest_route=%2Fwp%2Fv2%2Fcomments&post=12"}],"version-history":[{"count":2,"href":"https:\/\/vresova.knihovna.info\/index.php?rest_route=\/wp\/v2\/pages\/12\/revisions"}],"predecessor-version":[{"id":14,"href":"https:\/\/vresova.knihovna.info\/index.php?rest_route=\/wp\/v2\/pages\/12\/revisions\/14"}],"wp:attachment":[{"href":"https:\/\/vresova.knihovna.info\/index.php?rest_route=%2Fwp%2Fv2%2Fmedia&parent=12"}],"curies":[{"name":"wp","href":"https:\/\/api.w.org\/{rel}","templated":true}]}}